{"id":238,"date":"2019-01-16T13:01:55","date_gmt":"2019-01-16T13:01:55","guid":{"rendered":"https:\/\/woocommercecore.mystagingwebsite.com\/product\/t-shirt-with-logo\/"},"modified":"2025-01-02T23:01:32","modified_gmt":"2025-01-02T20:01:32","slug":"t-shirt-with-logo","status":"publish","type":"product","link":"http:\/\/hilmibilici.com\/?product=t-shirt-with-logo","title":{"rendered":"Mobil Cihazlara Uygulama Geli\u015ftirme Platformlar\u0131 ve Dilleri"},"content":{"rendered":"<p>Bu ara\u015ft\u0131rmada mobil cihazlar i\u00e7in kullan\u0131lan 9 i\u015fletim sistemi ve sistemlere programlama yapabilen 13 programlama dili 7 IDE ve edit\u00f6r, 18 \u00e7er\u00e7eve, 15 \u00e7evrim i\u00e7i \u00e7er\u00e7eve, 9 k\u00fct\u00fcphane ve 5 veri taban\u0131 incelenerek kurulumlar\u0131, \u00f6\u011frenme olanaklar\u0131 ve s\u00fcreleri, avantajlar\u0131, dezavantajlar\u0131, kar\u015f\u0131la\u015ft\u0131r\u0131lmal\u0131 olarak yer verilmi\u015ftir. Gelece\u011fin programlama d\u00fcnyas\u0131nda \u00fclkemiz yaz\u0131l\u0131mc\u0131lar\u0131n\u0131n yerini almas\u0131n\u0131 sa\u011flamak ve yaz\u0131l\u0131m konusunda e\u011fiterek, mobil uygulamalar geli\u015ftirmelerine destek olmak bu alanlardaki istihdam kapasitesinin art\u0131\u015f\u0131na y\u00f6n vermek ve giri\u015fimcili\u011fi art\u0131rmakt\u0131r. IOS, Android ve di\u011fer mobil i\u015fletim sistemi kullanan cihazlar i\u00e7in uygulama geli\u015ftirme e\u011fitimleri ile mobil teknoloji end\u00fcstrisinde \u00e7al\u0131\u015fmak veya mobil teknolojileri kullanarak i\u015f fikrini hayata ge\u00e7irmek isteyenler i\u00e7in gerekli platformlar\u0131 ve yaz\u0131l\u0131m dillerini tan\u0131tmak kitab\u0131n as\u0131l ama\u00e7lar\u0131 aras\u0131ndad\u0131r.<\/p>\n","protected":false},"excerpt":{"rendered":"<p>This is a simple product.<\/p>\n","protected":false},"featured_media":85037,"comment_status":"open","ping_status":"closed","template":"","meta":{"_acf_changed":false},"product_brand":[],"product_cat":[24],"product_tag":[575,576,574,572,573],"class_list":{"0":"post-238","1":"product","2":"type-product","3":"status-publish","4":"has-post-thumbnail","6":"product_cat-books","7":"product_tag-android-programlama","8":"product_tag-ios-programlama","9":"product_tag-mobil-cihazlar","10":"product_tag-mobil-programlama","11":"product_tag-programlama","13":"first","14":"instock","15":"shipping-taxable","16":"product-type-external"},"acf":[],"aioseo_notices":[],"_links":{"self":[{"href":"http:\/\/hilmibilici.com\/index.php?rest_route=\/wp\/v2\/product\/238","targetHints":{"allow":["GET"]}}],"collection":[{"href":"http:\/\/hilmibilici.com\/index.php?rest_route=\/wp\/v2\/product"}],"about":[{"href":"http:\/\/hilmibilici.com\/index.php?rest_route=\/wp\/v2\/types\/product"}],"replies":[{"embeddable":true,"href":"http:\/\/hilmibilici.com\/index.php?rest_route=%2Fwp%2Fv2%2Fcomments&post=238"}],"wp:featuredmedia":[{"embeddable":true,"href":"http:\/\/hilmibilici.com\/index.php?rest_route=\/wp\/v2\/media\/85037"}],"wp:attachment":[{"href":"http:\/\/hilmibilici.com\/index.php?rest_route=%2Fwp%2Fv2%2Fmedia&parent=238"}],"wp:term":[{"taxonomy":"product_brand","embeddable":true,"href":"http:\/\/hilmibilici.com\/index.php?rest_route=%2Fwp%2Fv2%2Fproduct_brand&post=238"},{"taxonomy":"product_cat","embeddable":true,"href":"http:\/\/hilmibilici.com\/index.php?rest_route=%2Fwp%2Fv2%2Fproduct_cat&post=238"},{"taxonomy":"product_tag","embeddable":true,"href":"http:\/\/hilmibilici.com\/index.php?rest_route=%2Fwp%2Fv2%2Fproduct_tag&post=238"}],"curies":[{"name":"wp","href":"https:\/\/api.w.org\/{rel}","templated":true}]}}